{"id":1035,"date":"2021-07-02T11:29:00","date_gmt":"2021-07-02T09:29:00","guid":{"rendered":"https:\/\/festivalaltrescinemes.com\/proteccion-de-datos\/"},"modified":"2021-07-06T12:57:59","modified_gmt":"2021-07-06T10:57:59","slug":"proteccion-de-datos","status":"publish","type":"page","link":"https:\/\/festivalaltrescinemes.com\/es\/proteccion-de-datos\/","title":{"rendered":"Protecci\u00f3n de datos"},"content":{"rendered":"<p>[et_pb_section fb_built=\u00bb1&#8243; _builder_version=\u00bb4.9.7&#8243; background_color=\u00bb#222222&#8243; hover_enabled=\u00bb0&#8243; sticky_enabled=\u00bb0&#8243;][et_pb_row _builder_version=\u00bb3.25&#8243; background_size=\u00bbinitial\u00bb background_position=\u00bbtop_left\u00bb background_repeat=\u00bbrepeat\u00bb max_width=\u00bb600px\u00bb module_alignment=\u00bbcenter\u00bb use_custom_width=\u00bbon\u00bb custom_width_px=\u00bb600px\u00bb][et_pb_column type=\u00bb4_4&#8243; _builder_version=\u00bb3.25&#8243; custom_padding=\u00bb|||\u00bb custom_padding__hover=\u00bb|||\u00bb][et_pb_text _builder_version=\u00bb4.9.7&#8243; header_font=\u00bb|700|||||||\u00bb header_text_color=\u00bb#ffffff\u00bb header_2_font=\u00bb|700|||||||\u00bb background_size=\u00bbinitial\u00bb background_position=\u00bbtop_left\u00bb background_repeat=\u00bbrepeat\u00bb hover_enabled=\u00bb0&#8243; text_text_color=\u00bb#FFFFFF\u00bb sticky_enabled=\u00bb0&#8243;]<\/p>\n<h1>Protecci\u00f3n de datos<\/h1>\n<p><strong>Protecci\u00f3n de datos personales<\/strong><\/p>\n<p>El Gobierno de las Islas Baleares garantiza la confidencialidad y la protecci\u00f3n de los datos personales que se facilitan a trav\u00e9s de las p\u00e1ginas de este web en el t\u00e9rminos que establece el Reglamento UE 2016\/679 de Protecci\u00f3n de Datos y la legislaci\u00f3n vigente en materia de protecci\u00f3n de datos. <\/p>\n<p>Informaci\u00f3n especifica en relaci\u00f3n al tratamiento de datos personales<\/p>\n<p>Los datos personales facilitados por los ciudadanos mediante los diferentes formularios o suele\u2022licitudes de este web ser\u00e1n tratadas en los t\u00e9rminos que disponga la \u201cInformaci\u00f3n sobre el tratamiento de datos personales\u201d que figuran al formulario y solicitud, donde tambi\u00e9n se identificar\u00e1 al responsable del tratamiento.<\/p>\n<p>Ejercicio de derechos y reclamaciones<\/p>\n<p>La persona afectada por el tratamiento de datos personales puede ejercer sus derechos de informaci\u00f3n, de acceso, de rectificaci\u00f3n, de supresi\u00f3n, de limitaci\u00f3n, de portabilidad, de oposici\u00f3n y de no inclusi\u00f3n en tratamientos automatizados (y, incluso, de retirar el consentimiento, si es el caso, en los t\u00e9rminos que establece el RGPD) ante el responsable del tratamiento, mediante el procedimiento \u00abSolicitud de ejercicio de derechos en materia de protecci\u00f3n de datos personales\u00bb, previsto en la sede electr\u00f3nica de la CAIB (<a href=\"https:\/\/www.caib.es\/seucaib\/ca\/200\/persones\/tramites\/tramite\/3364939\" target=\"_blank\" rel=\"noopener\">sede electr\u00f3nica<\/a>).<\/p>\n<p>Con posterioridad a la respuesta del responsable o al hecho que no haya respondida en el plazo de un mes, puede presentar la \u00abReclamaci\u00f3n de tutela de derechos\u00bb ante la Agencia Espa\u00f1ola de Protecci\u00f3n de Datos (AEPD).<\/p>\n<p>Delegaci\u00f3n de Protecci\u00f3n de Datos<\/p>\n<p>La Delegaci\u00f3n de Protecci\u00f3n de Datos de la Administraci\u00f3n de la CAIB tiene la sede a la Conseller\u00eda de Presidencia (Paseo de Sagrera, 2, 07012 Palma).<\/p>\n<p>Direcci\u00f3n electr\u00f3nica de contacto: <a href=\"mailto:protecciodades@dpd.caib.es\">protecciodades@dpd.caib.es<\/a><\/p>\n<p>[\/et_pb_text][\/et_pb_column][\/et_pb_row][\/et_pb_section]<\/p>\n","protected":false},"excerpt":{"rendered":"<p>Protecci\u00f3n de datos Protecci\u00f3n de datos personalesEl Gobierno de las Islas Baleares garantiza la confidencialidad y la protecci\u00f3n de los datos personales que se facilitan a trav\u00e9s de las p\u00e1ginas de este web en el t\u00e9rminos que establece el Reglamento UE 2016\/679 de Protecci\u00f3n de Datos y la legislaci\u00f3n vigente en materia de protecci\u00f3n de [&hellip;]<\/p>\n","protected":false},"author":2,"featured_media":0,"parent":0,"menu_order":8,"comment_status":"closed","ping_status":"closed","template":"","meta":{"_et_pb_use_builder":"on","_et_pb_old_content":"","_et_gb_content_width":"","footnotes":""},"class_list":["post-1035","page","type-page","status-publish","hentry"],"_links":{"self":[{"href":"https:\/\/festivalaltrescinemes.com\/es\/wp-json\/wp\/v2\/pages\/1035","targetHints":{"allow":["GET"]}}],"collection":[{"href":"https:\/\/festivalaltrescinemes.com\/es\/wp-json\/wp\/v2\/pages"}],"about":[{"href":"https:\/\/festivalaltrescinemes.com\/es\/wp-json\/wp\/v2\/types\/page"}],"author":[{"embeddable":true,"href":"https:\/\/festivalaltrescinemes.com\/es\/wp-json\/wp\/v2\/users\/2"}],"replies":[{"embeddable":true,"href":"https:\/\/festivalaltrescinemes.com\/es\/wp-json\/wp\/v2\/comments?post=1035"}],"version-history":[{"count":4,"href":"https:\/\/festivalaltrescinemes.com\/es\/wp-json\/wp\/v2\/pages\/1035\/revisions"}],"predecessor-version":[{"id":1257,"href":"https:\/\/festivalaltrescinemes.com\/es\/wp-json\/wp\/v2\/pages\/1035\/revisions\/1257"}],"wp:attachment":[{"href":"https:\/\/festivalaltrescinemes.com\/es\/wp-json\/wp\/v2\/media?parent=1035"}],"curies":[{"name":"wp","href":"https:\/\/api.w.org\/{rel}","templated":true}]}}