{"id":3129,"date":"2019-02-14T19:36:04","date_gmt":"2019-02-14T18:36:04","guid":{"rendered":"https:\/\/festivalaltrescinemes.com\/iii-festival-daltres-cinemes-edicion-2023\/"},"modified":"2023-12-01T11:37:16","modified_gmt":"2023-12-01T10:37:16","slug":"iii-festival-daltres-cinemes-edicion-2023","status":"publish","type":"page","link":"https:\/\/festivalaltrescinemes.com\/es\/","title":{"rendered":"III Festival d&#8217;Altres Cinemes &#8211; Edici\u00f3n 2023"},"content":{"rendered":"<p>[et_pb_section fb_built=\u00bb1&#8243; custom_padding_last_edited=\u00bbon|phone\u00bb disabled_on=\u00bboff|off|off\u00bb admin_label=\u00bb*CAP\u00c7ALERA*\u00bb _builder_version=\u00bb4.22.1&#8243; background_color=\u00bb#0096D6&#8243; background_image=\u00bbhttps:\/\/festivalaltrescinemes.com\/wp-content\/uploads\/2023\/08\/Fondo-2.png\u00bb custom_padding=\u00bb30px|0px|0px|0px|false|false\u00bb custom_padding_tablet=\u00bb30px|0px|0px|0px|false|false\u00bb custom_padding_phone=\u00bb20px||0px||false|false\u00bb border_color_all=\u00bb#E7205F\u00bb global_colors_info=\u00bb{}\u00bb][et_pb_row _builder_version=\u00bb4.16&#8243; _module_preset=\u00bbdefault\u00bb custom_padding=\u00bb||||false|false\u00bb global_colors_info=\u00bb{}\u00bb][et_pb_column type=\u00bb4_4&#8243; _builder_version=\u00bb4.16&#8243; _module_preset=\u00bbdefault\u00bb global_colors_info=\u00bb{}\u00bb][et_pb_image src=\u00bbhttps:\/\/festivalaltrescinemes.com\/wp-content\/uploads\/2023\/08\/FAC-2023-logo-principal-blanco.png\u00bb alt=\u00bbFestival d&apos; Altres Cinemes\u00bb title_text=\u00bbFAC 2023-logo-principal-blanco\u00bb admin_label=\u00bbLogo FAC\u00bb _builder_version=\u00bb4.23.1&#8243; _module_preset=\u00bbdefault\u00bb max_width=\u00bb400px\u00bb max_width_tablet=\u00bb300px\u00bb max_width_phone=\u00bb220px\u00bb max_width_last_edited=\u00bbon|phone\u00bb module_alignment=\u00bbcenter\u00bb hover_enabled=\u00bb0&#8243; global_colors_info=\u00bb{}\u00bb animation_style=\u00bbfade\u00bb sticky_enabled=\u00bb0&#8243;][\/et_pb_image][\/et_pb_column][\/et_pb_row][et_pb_row _builder_version=\u00bb4.16&#8243; _module_preset=\u00bbdefault\u00bb custom_padding=\u00bb||24px||false|false\u00bb global_colors_info=\u00bb{}\u00bb][et_pb_column type=\u00bb4_4&#8243; _builder_version=\u00bb4.16&#8243; _module_preset=\u00bbdefault\u00bb global_colors_info=\u00bb{}\u00bb][et_pb_image src=\u00bbhttps:\/\/festivalaltrescinemes.com\/wp-content\/uploads\/2023\/08\/Figura-1.png\u00bb alt=\u00bbFestival d&apos; Altres Cinemes\u00bb title_text=\u00bbFigura-1c\u00bb admin_label=\u00bbIl\u00b7lustraci\u00f3 FAC\u00bb _builder_version=\u00bb4.22.1&#8243; _module_preset=\u00bbdefault\u00bb max_width=\u00bb800px\u00bb max_width_tablet=\u00bb400px\u00bb max_width_phone=\u00bb400px\u00bb max_width_last_edited=\u00bbon|phone\u00bb module_alignment=\u00bbcenter\u00bb global_colors_info=\u00bb{}\u00bb][\/et_pb_image][et_pb_text _builder_version=\u00bb4.22.1&#8243; _module_preset=\u00bbdefault\u00bb header_font=\u00bb|800||on|||||\u00bb header_text_align=\u00bbcenter\u00bb header_text_color=\u00bb#1E1E1C\u00bb header_font_size=\u00bb54px\u00bb header_font_size_tablet=\u00bb26px\u00bb header_font_size_phone=\u00bb26px\u00bb header_font_size_last_edited=\u00bbon|desktop\u00bb global_colors_info=\u00bb{}\u00bb]<\/p>\n<h1>Cuerpos y territorios en rebeld\u00eda<\/h1>\n<p>[\/et_pb_text][\/et_pb_column][\/et_pb_row][et_pb_row column_structure=\u00bb1_3,1_3,1_3&#8243; _builder_version=\u00bb4.22.1&#8243; _module_preset=\u00bbdefault\u00bb global_colors_info=\u00bb{}\u00bb][et_pb_column type=\u00bb1_3&#8243; _builder_version=\u00bb4.22.1&#8243; _module_preset=\u00bbdefault\u00bb global_colors_info=\u00bb{}\u00bb][et_pb_text _builder_version=\u00bb4.22.1&#8243; _module_preset=\u00bbdefault\u00bb text_font=\u00bb|700|||||||\u00bb text_orientation=\u00bbcenter\u00bb custom_margin=\u00bb||8px|||\u00bb global_colors_info=\u00bb{}\u00bb]<\/p>\n<p>Programa<\/p>\n<p>[\/et_pb_text][et_pb_button button_url=\u00bbhttps:\/\/festivalaltrescinemes.com\/es\/programa\/\u00bb button_text=\u00bbMALLORCA, 28-29-30 SEP\u00bb button_alignment=\u00bbcenter\u00bb button_alignment_tablet=\u00bb\u00bb button_alignment_phone=\u00bb\u00bb button_alignment_last_edited=\u00bbon|phone\u00bb admin_label=\u00bbBot\u00f3 comprar entrades\u00bb _builder_version=\u00bb4.22.1&#8243; _module_preset=\u00bbdefault\u00bb button_text_color=\u00bb#1E1E1C\u00bb button_bg_color=\u00bb#FFFFFF\u00bb button_border_width=\u00bb0px\u00bb button_border_radius=\u00bb20px\u00bb button_font=\u00bbLivvic|800||on|||||\u00bb button_use_icon=\u00bboff\u00bb custom_margin=\u00bb||10px||false|false\u00bb hover_enabled=\u00bb1&#8243; button_text_size_tablet=\u00bb\u00bb button_text_size_phone=\u00bb18px\u00bb button_text_size_last_edited=\u00bbon|phone\u00bb global_colors_info=\u00bb{}\u00bb button_bg_color__hover_enabled=\u00bbon|hover\u00bb button_bg_color__hover=\u00bb#FBBB21&#8243; button_bg_enable_color__hover=\u00bbon\u00bb][\/et_pb_button][\/et_pb_column][et_pb_column type=\u00bb1_3&#8243; _builder_version=\u00bb4.22.1&#8243; _module_preset=\u00bbdefault\u00bb global_colors_info=\u00bb{}\u00bb][et_pb_text _builder_version=\u00bb4.22.1&#8243; _module_preset=\u00bbdefault\u00bb text_font=\u00bb|700|||||||\u00bb text_orientation=\u00bbcenter\u00bb custom_margin=\u00bb||8px|||\u00bb global_colors_info=\u00bb{}\u00bb]<\/p>\n<p>Programa<\/p>\n<p>[\/et_pb_text][et_pb_button button_url=\u00bbhttps:\/\/festivalaltrescinemes.com\/es\/programa-menorca\/\u00bb button_text=\u00bbMENORCA, 7 OCT\u00bb button_alignment=\u00bbcenter\u00bb button_alignment_tablet=\u00bb\u00bb button_alignment_phone=\u00bb\u00bb button_alignment_last_edited=\u00bbon|phone\u00bb admin_label=\u00bbBot\u00f3 comprar entrades\u00bb _builder_version=\u00bb4.22.1&#8243; _module_preset=\u00bbdefault\u00bb button_text_color=\u00bb#1E1E1C\u00bb button_bg_color=\u00bb#FFFFFF\u00bb button_border_width=\u00bb0px\u00bb button_border_radius=\u00bb20px\u00bb button_font=\u00bbLivvic|800||on|||||\u00bb button_use_icon=\u00bboff\u00bb custom_margin=\u00bb||10px||false|false\u00bb button_text_size_tablet=\u00bb\u00bb button_text_size_phone=\u00bb18px\u00bb button_text_size_last_edited=\u00bbon|phone\u00bb global_colors_info=\u00bb{}\u00bb button_bg_color__hover_enabled=\u00bbon|desktop\u00bb button_bg_color__hover=\u00bb#FBBB21&#8243; button_bg_enable_color__hover=\u00bbon\u00bb][\/et_pb_button][\/et_pb_column][et_pb_column type=\u00bb1_3&#8243; _builder_version=\u00bb4.22.1&#8243; _module_preset=\u00bbdefault\u00bb global_colors_info=\u00bb{}\u00bb][et_pb_text _builder_version=\u00bb4.22.1&#8243; _module_preset=\u00bbdefault\u00bb text_font=\u00bb|700|||||||\u00bb text_orientation=\u00bbcenter\u00bb custom_margin=\u00bb||8px|||\u00bb global_colors_info=\u00bb{}\u00bb]<\/p>\n<p>Programa<\/p>\n<p>[\/et_pb_text][et_pb_button button_url=\u00bbhttps:\/\/festivalaltrescinemes.com\/es\/programa-ibiza\/\u00bb button_text=\u00bbIBIZA, 14 OCT\u00bb button_alignment=\u00bbcenter\u00bb button_alignment_tablet=\u00bb\u00bb button_alignment_phone=\u00bb\u00bb button_alignment_last_edited=\u00bbon|phone\u00bb admin_label=\u00bbBot\u00f3 comprar entrades\u00bb _builder_version=\u00bb4.22.1&#8243; _module_preset=\u00bbdefault\u00bb button_text_color=\u00bb#1E1E1C\u00bb button_bg_color=\u00bb#FFFFFF\u00bb button_border_width=\u00bb0px\u00bb button_border_radius=\u00bb20px\u00bb button_font=\u00bbLivvic|800||on|||||\u00bb button_use_icon=\u00bboff\u00bb custom_margin=\u00bb||10px||false|false\u00bb button_text_size_tablet=\u00bb\u00bb button_text_size_phone=\u00bb18px\u00bb button_text_size_last_edited=\u00bbon|phone\u00bb global_colors_info=\u00bb{}\u00bb button_bg_color__hover_enabled=\u00bbon|desktop\u00bb button_bg_color__hover=\u00bb#FBBB21&#8243; button_bg_enable_color__hover=\u00bbon\u00bb][\/et_pb_button][\/et_pb_column][\/et_pb_row][et_pb_row column_structure=\u00bb1_5,3_5,1_5&#8243; use_custom_gutter=\u00bbon\u00bb gutter_width=\u00bb1&#8243; make_equal=\u00bbon\u00bb _builder_version=\u00bb4.22.2&#8243; _module_preset=\u00bbdefault\u00bb width=\u00bb100%\u00bb max_width=\u00bb100%\u00bb module_alignment=\u00bbcenter\u00bb custom_padding=\u00bb0px||0px||false|false\u00bb border_width_top=\u00bb1px\u00bb border_color_top=\u00bb#1E1E1C\u00bb border_width_bottom=\u00bb1px\u00bb border_color_bottom=\u00bb#1E1E1C\u00bb global_colors_info=\u00bb{}\u00bb][et_pb_column type=\u00bb1_5&#8243; _builder_version=\u00bb4.22.1&#8243; _module_preset=\u00bbdefault\u00bb global_colors_info=\u00bb{}\u00bb][\/et_pb_column][et_pb_column type=\u00bb3_5&#8243; _builder_version=\u00bb4.22.1&#8243; _module_preset=\u00bbdefault\u00bb global_colors_info=\u00bb{}\u00bb][et_pb_video src=\u00bbhttps:\/\/vimeo.com\/885388901&#8243; image_src=\u00bb\/\/i.vimeocdn.com\/video\/1754899978-de7722b1814f5957a4280242c1df71cdc70490ced29dd8ad7b9a3ba8407c0e2f-d_960&#8243; thumbnail_overlay_color=\u00bbrgba(251,187,33,0.86)\u00bb _builder_version=\u00bb4.23.1&#8243; _module_preset=\u00bbdefault\u00bb hover_enabled=\u00bb0&#8243; border_width_right=\u00bb1px\u00bb border_color_right=\u00bb#1E1E1C\u00bb border_width_left=\u00bb1px\u00bb border_color_left=\u00bb#1E1E1C\u00bb global_colors_info=\u00bb{}\u00bb sticky_enabled=\u00bb0&#8243;][\/et_pb_video][\/et_pb_column][et_pb_column type=\u00bb1_5&#8243; _builder_version=\u00bb4.22.1&#8243; _module_preset=\u00bbdefault\u00bb global_colors_info=\u00bb{}\u00bb][\/et_pb_column][\/et_pb_row][\/et_pb_section][et_pb_section fb_built=\u00bb1&#8243; admin_label=\u00bb*LLISTAT ACTIVITATS*\u00bb _builder_version=\u00bb4.22.1&#8243; _module_preset=\u00bbdefault\u00bb background_color=\u00bb#0096D6&#8243; custom_padding=\u00bb68px|||||\u00bb global_colors_info=\u00bb{}\u00bb][et_pb_row _builder_version=\u00bb4.22.1&#8243; _module_preset=\u00bbdefault\u00bb width=\u00bb100%\u00bb max_width=\u00bb100%\u00bb global_colors_info=\u00bb{}\u00bb][et_pb_column type=\u00bb4_4&#8243; _builder_version=\u00bb4.22.1&#8243; _module_preset=\u00bbdefault\u00bb global_colors_info=\u00bb{}\u00bb][brbl_post_grid include_categories=\u00bb58,59,66,53,60&#8243; post_count=\u00bb20&#8243; content_padding=\u00bb10px|30px|10px|0px|false|false\u00bb image_height=\u00bb500px\u00bb image_size=\u00bbcontain\u00bb img_hover_style=\u00bbfade\u00bb title_spacing_top=\u00bb0px\u00bb category_placement=\u00bbbottom_left\u00bb category_bg=\u00bb#E63323&#8243; column_count=\u00bb4&#8243; column_gap_x=\u00bb10px\u00bb column_gap_y=\u00bb10px\u00bb show_avatar=\u00bboff\u00bb show_excerpt=\u00bboff\u00bb show_author=\u00bboff\u00bb show_date=\u00bboff\u00bb content_bg_color=\u00bb#0096D6&#8243; image_height_tablet=\u00bb330px\u00bb image_height_phone=\u00bb270px\u00bb image_height_last_edited=\u00bbon|phone\u00bb category_offset_tablet=\u00bb\u00bb category_offset_phone=\u00bb\u00bb category_offset_last_edited=\u00bbon|phone\u00bb column_count_tablet=\u00bb3&#8243; column_count_phone=\u00bb1&#8243; column_count_last_edited=\u00bbon|phone\u00bb _builder_version=\u00bb4.22.1&#8243; _module_preset=\u00bbdefault\u00bb title_level=\u00bbh3&#8243; title_font=\u00bb|800||on|||||\u00bb title_text_align=\u00bbcenter\u00bb title_font_size=\u00bb23px\u00bb category_font=\u00bb|800||on|||||\u00bb category_font_size=\u00bb12px\u00bb category_letter_spacing=\u00bb0.5px\u00bb custom_margin=\u00bb|20px||20px|false|false\u00bb title_font_size_tablet=\u00bb20px\u00bb title_font_size_phone=\u00bb19px\u00bb title_font_size_last_edited=\u00bbon|phone\u00bb border_width_all_content=\u00bb0px\u00bb global_colors_info=\u00bb{}\u00bb overlay_bg_color__hover_enabled=\u00bbon|hover\u00bb overlay_bg_enable_color__hover=\u00bbon\u00bb][\/brbl_post_grid][\/et_pb_column][\/et_pb_row][\/et_pb_section]<\/p>\n","protected":false},"excerpt":{"rendered":"<p>El Festival Altres Cinemes (FAC) llega a su tercera edici\u00f3n con un objetivo claro: construir puentes a trav\u00e9s del cine para conectar cuerpos y territorios que est\u00e1n en peligro y que son defendidos por personas que se juegan la vida. El FAC 2023 volver\u00e1 a convertirse en un evento imprescindible para crear sinergias de resistencias y del buen vivir en el que las mujeres tendr\u00e1n papel protagonista; un ant\u00eddoto desde el cual continuar construyendo alternativas.<\/p>\n","protected":false},"author":5,"featured_media":2877,"parent":0,"menu_order":0,"comment_status":"closed","ping_status":"closed","template":"","meta":{"_et_pb_use_builder":"on","_et_pb_old_content":"","_et_gb_content_width":"","footnotes":""},"class_list":["post-3129","page","type-page","status-publish","has-post-thumbnail","hentry"],"_links":{"self":[{"href":"https:\/\/festivalaltrescinemes.com\/es\/wp-json\/wp\/v2\/pages\/3129","targetHints":{"allow":["GET"]}}],"collection":[{"href":"https:\/\/festivalaltrescinemes.com\/es\/wp-json\/wp\/v2\/pages"}],"about":[{"href":"https:\/\/festivalaltrescinemes.com\/es\/wp-json\/wp\/v2\/types\/page"}],"author":[{"embeddable":true,"href":"https:\/\/festivalaltrescinemes.com\/es\/wp-json\/wp\/v2\/users\/5"}],"replies":[{"embeddable":true,"href":"https:\/\/festivalaltrescinemes.com\/es\/wp-json\/wp\/v2\/comments?post=3129"}],"version-history":[{"count":5,"href":"https:\/\/festivalaltrescinemes.com\/es\/wp-json\/wp\/v2\/pages\/3129\/revisions"}],"predecessor-version":[{"id":4465,"href":"https:\/\/festivalaltrescinemes.com\/es\/wp-json\/wp\/v2\/pages\/3129\/revisions\/4465"}],"wp:featuredmedia":[{"embeddable":true,"href":"https:\/\/festivalaltrescinemes.com\/es\/wp-json\/wp\/v2\/media\/2877"}],"wp:attachment":[{"href":"https:\/\/festivalaltrescinemes.com\/es\/wp-json\/wp\/v2\/media?parent=3129"}],"curies":[{"name":"wp","href":"https:\/\/api.w.org\/{rel}","templated":true}]}}